{"id":423,"date":"2018-12-11T14:25:29","date_gmt":"2018-12-11T14:25:29","guid":{"rendered":"http:\/\/portal.estatik.net\/?page_id=38"},"modified":"2020-01-09T13:59:23","modified_gmt":"2020-01-09T13:59:23","slug":"homepage","status":"publish","type":"page","link":"https:\/\/www.inmobiliariaberlanga.com\/","title":{"rendered":"Inicio"},"content":{"rendered":"<div id=\"pl-423\"  class=\"panel-layout\" ><div id=\"pg-423-0\"  class=\"panel-grid panel-has-style\" ><div class=\"siteorigin-panels-stretch panel-row-style panel-row-style-for-423-0\" data-stretch-type=\"full-stretched\" ><div id=\"pgc-423-0-0\"  class=\"panel-grid-cell\" ><div id=\"panel-423-0-0-0\" class=\"so-panel widget widget_sow-hero panel-first-child panel-last-child\" data-index=\"0\" ><div class=\"panel-widget-style panel-widget-style-for-423-0-0-0\" ><div\n\t\t\t\n\t\t\tclass=\"so-widget-sow-hero so-widget-sow-hero-default-919ac3f38338-423 so-widget-fittext-wrapper\"\n\t\t\t data-fit-text-compressor=\"0.85\"\n\t\t>\t\t\t\t<div class=\"sow-slider-base\" style=\"display: none\" tabindex=\"0\">\n\t\t\t\t\t<ul\n\t\t\t\t\tclass=\"sow-slider-images\"\n\t\t\t\t\tdata-settings=\"{&quot;pagination&quot;:true,&quot;speed&quot;:800,&quot;timeout&quot;:8000,&quot;paused&quot;:false,&quot;pause_on_hover&quot;:false,&quot;swipe&quot;:true,&quot;nav_always_show_desktop&quot;:&quot;&quot;,&quot;nav_always_show_mobile&quot;:&quot;&quot;,&quot;breakpoint&quot;:&quot;780px&quot;,&quot;unmute&quot;:false,&quot;anchor&quot;:null}\"\n\t\t\t\t\tstyle=\"min-height: 100vmin\"\t\t\t\t\tdata-anchor-id=\"\"\n\t\t\t\t>\t\t<li class=\"sow-slider-image  sow-slider-image-cover\" style=\"visibility: visible;;background-color: #333333;background-image: url(https:\/\/www.inmobiliariaberlanga.com\/wp-content\/uploads\/2019\/10\/FONDO-INMOBILIARIA-BERLANGA.jpg)\" >\n\t\t\t\t\t<div class=\"sow-slider-image-container\">\n\t\t\t<div class=\"sow-slider-image-wrapper\">\n\t\t\t\t<h1 style=\"text-align: center\">Inmobiliaria Berlanga<\/h1>\n<p style=\"text-align: center\">Expertos en terrenos para construcci\u00f3n y explotaci\u00f3n agricola.<\/p>\n<p style=\"text-align: center\">\n<form class=\"ept-search\" action=\"https:\/\/www.inmobiliariaberlanga.com\/\">\n\n\t        <input type=\"hidden\" name=\"s\" value=\"\"\/>\n        <input type=\"hidden\" name=\"post_type\" value=\"properties\"\/>\n\t\n    <input type=\"hidden\" name=\"advanced_search\" value=\"1\"\/>\n\n\t        <div class=\"form-row ept-search__advanced hidden\" id=\"ept-advanced-search-69e2072f4df7b\">\n\t\t\t\t\t\t\t<div class=\"col-sm-4 ept-field ept-field__es_type\"><select name=\"es_search[es_type][]\"  class=\"es-select2-tags form-control\" multiple=\"1\" data-placeholder=\"Tipo\" id=\"es-search-es_type-input\" value=\"\" placeholder=\"Tipo\" ><option value=\"\">-- Elija Tipo --<\/option><option value=\"157\" >Adosadas<\/option><option value=\"62\" >Apartamentos<\/option><option value=\"67\" >casa<\/option><option value=\"147\" >Chalets<\/option><option value=\"78\" >Edicio<\/option><option value=\"69\" >edificio<\/option><option value=\"111\" >Edificios<\/option><option value=\"63\" >Oficinas<\/option><option value=\"68\" >piso<\/option><option value=\"64\" >Terrenos<\/option><option value=\"115\" >Terrenos con Viviendas<\/option><option value=\"91\" >Villa<\/option><option value=\"66\" >Villas<\/option><option value=\"65\" >Viviendas<\/option><\/select><\/div>\t\t\t\t\t\t\t<div class=\"col-sm-4 ept-field ept-field__es_category\"><select name=\"es_search[es_category][]\"  class=\"es-select2-tags form-control\" multiple=\"1\" data-placeholder=\"Categor\u00eda\" id=\"es-search-es_category-input\" value=\"\" placeholder=\"Categor\u00eda\" ><option value=\"\">-- Elija Categor\u00eda --<\/option><option value=\"156\" >Adosadas<\/option><option value=\"153\" >Chalets<\/option><option value=\"110\" >Edificios<\/option><option value=\"113\" >Terrenos<\/option><option value=\"114\" >Terrenos con Vivienda<\/option><option value=\"89\" >Villa<\/option><option value=\"112\" >Villas<\/option><\/select><\/div>\t\t\t\t\t\t\t\t\t\t\t\t\t\t<div class=\"col-sm-4 ept-field ept-field__es_amenities\"><select name=\"es_search[es_amenities][]\"  class=\"es-select2-tags form-control\" multiple=\"1\" data-placeholder=\"Electrodom\u00e9sticos\" id=\"es-search-es_amenities-input\" value=\"\" placeholder=\"Electrodom\u00e9sticos\" ><option value=\"\">-- Elija Electrodom\u00e9sticos --<\/option><option value=\"85\" >Aire Acondicionado<\/option><option value=\"14\" >dishwasher<\/option><option value=\"87\" >Extractor<\/option><option value=\"45\" >fridge<\/option><option value=\"83\" >Horno<\/option><option value=\"15\" >iron<\/option><option value=\"82\" >Microondas<\/option><option value=\"16\" >microwave<\/option><option value=\"84\" >Nevera<\/option><option value=\"17\" >oven<\/option><option value=\"88\" >Telefonillo<\/option><option value=\"108\" >Television<\/option><option value=\"18\" >tv<\/option><option value=\"86\" >Vitrocer\u00e1mica<\/option><option value=\"52\" >washing machine<\/option><option value=\"19\" >wifi<\/option><\/select><\/div>\t\t\t\t\t\t\t<div class=\"col-sm-4 ept-field ept-field__bedrooms\"><select name=\"es_search[bedrooms]\"  id=\"es-search-bedrooms-input\" value=\"\" data-placeholder=\"Dormitorios\" placeholder=\"Dormitorios\" class=\"form-control\" ><option value=\"\">Beds<\/option><option value=\"1\" >1<\/option><option value=\"2\" >2<\/option><option value=\"3\" >3<\/option><option value=\"4\" >4<\/option><option value=\"5\" >5<\/option><option value=\"6\" >6<\/option><\/select><\/div>\t\t\t\t\t\t\t<div class=\"col-sm-4 ept-field ept-field__bathrooms\"><select name=\"es_search[bathrooms]\"  step=\"0.5\" id=\"es-search-bathrooms-input\" value=\"\" data-placeholder=\"Ba\u00f1os\" placeholder=\"Ba\u00f1os\" class=\"form-control\" ><option value=\"\">Baths<\/option><option value=\"1\" >1<\/option><option value=\"2\" >2<\/option><option value=\"3\" >3<\/option><option value=\"4\" >4<\/option><option value=\"5\" >5<\/option><option value=\"6\" >6<\/option><\/select><\/div>\t\t\t        <\/div>\n\t\n\t        <div class=\"form-row\">\n\t                        <div class=\"col-sm-4 ept-field ept-field__es_status\"><select name=\"es_search[es_status][]\"  class=\"es-select2-tags form-control\" multiple=\"1\" data-placeholder=\"Estado\" id=\"es-search-es_status-input\" value=\"\" placeholder=\"Estado\" ><option value=\"\">-- Elija Estado --<\/option><option value=\"90\" >Venta<\/option><\/select><\/div>\t                        <div class=\"col-sm-4 ept-field ept-field__address\"><div class=\"es-autocomplete-wrap js-autocomplete-wrap\"><input type=\"text\" name=\"es_search[address]\"  placeholder=\"Direcci\u00f3n, ciudad, c\u00f3digo postal\" id=\"es-search-address-input\" value=\"\" data-placeholder=\"Direcci\u00f3n\" class=\"form-control\"  data-action=\"es_address_autocomplete\"\/><div class=\"es-autocomplete-result\"><\/div><\/div><\/div>\t        \n            <div class=\"col\">\n                <div class=\"form-row\">\n                    <div class=\"col ept-btn__wrap\">\n                        <input type=\"submit\" class=\"btn ept-btn-primary form-control\" value=\"Buscar \">\n                    <\/div>\n                                            <div class=\"col ept-btn__wrap\">\n                            <input type=\"button\" class=\"btn ept-btn-secondary form-control js-es-save-search\" value=\"Save Search\"\/>\n                        <\/div>\n                                    <\/div>\n            <\/div>\n        <\/div>\n\t\n    <div class=\"form-row ept-search__price-row\">\n        <div class=\"col\">\n            <div class=\"ept-price-container\">\n                <input type=\"text\" title=\"Precio\" name=\"es_search[price]\" class=\"js-ept-slider\"\n                       data-slider-min=\"\"\n                       data-slider-max=\"\"\n                       data-slider-step=\"100\"\/>\n            <\/div>\n        <\/div>\n\n\t                <div class=\"col-auto\">\n                <a href=\"#\" class=\"js-toggle-container el-hidden ept-more-opt\" data-container=\"#ept-advanced-search-69e2072f4df7b\">Mas opciones<\/a>\n            <\/div>\n            <\/div>\n\n    <div class=\"es-search__messages js-es-search__messages\"><\/div>\n<\/form>\n<\/p>\n\t\t\t<\/div>\n\t\t<\/div>\n\t\t\t\t<\/li>\n\t\t<\/ul>\t\t\t\t<ol class=\"sow-slider-pagination\">\n\t\t\t\t\t\t\t\t\t\t\t<li><a href=\"#\" data-goto=\"0\" aria-label=\"mostrar diapositiva 1\"><\/a><\/li>\n\t\t\t\t\t\t\t\t\t<\/ol>\n\n\t\t\t\t<div class=\"sow-slide-nav sow-slide-nav-next\">\n\t\t\t\t\t<a href=\"#\" data-goto=\"next\" aria-label=\"diapositiva siguiente\" data-action=\"next\">\n\t\t\t\t\t\t<em class=\"sow-sld-icon-thin-right\"><\/em>\n\t\t\t\t\t<\/a>\n\t\t\t\t<\/div>\n\n\t\t\t\t<div class=\"sow-slide-nav sow-slide-nav-prev\">\n\t\t\t\t\t<a href=\"#\" data-goto=\"previous\" aria-label=\"diapositiva anterior\" data-action=\"prev\">\n\t\t\t\t\t\t<em class=\"sow-sld-icon-thin-left\"><\/em>\n\t\t\t\t\t<\/a>\n\t\t\t\t<\/div>\n\t\t\t\t<\/div><\/div><\/div><\/div><\/div><\/div><\/div><div id=\"pg-423-1\"  class=\"panel-grid panel-has-style\" ><div class=\"siteorigin-panels-stretch panel-row-style panel-row-style-for-423-1\" data-stretch-type=\"full\" ><div id=\"pgc-423-1-0\"  class=\"panel-grid-cell\" ><div id=\"panel-423-1-0-0\" class=\"so-panel widget widget_ept-prop-cat-grid panel-first-child panel-last-child\" data-index=\"1\" ><div class=\"panel-widget-style panel-widget-style-for-423-1-0-0\" ><div\n\t\t\t\n\t\t\tclass=\"so-widget-ept-prop-cat-grid so-widget-ept-prop-cat-grid-default-d75171398898-423\"\n\t\t\t\n\t\t><div id=\"panel-423-1-0-0\" class=\"so-panel widget widget_ept-prop-cat-grid panel-first-child panel-last-child\" data-index=\"1\" ><div class=\"panel-widget-style panel-widget-style-for-423-1-0-0\" ><h3 class=\"widget-title\">Nuestras mejores propiedades<\/h3>\n            <div class=\"row\">\n\n\t\t\t\t\t\t\n\t\t\t\t                    <div class=\"col-md-6\">\n                    <div class=\"row\">\n\t\t\t\t\n                <div class=\"col-md-12 ept-prop-cat__item\">\n\t\t\t\t\t        <div class=\"ept-prop-cat__item__inner\" style=\"background: url(''); background-size: cover; background-repeat: no-repeat;\">\n            <div class=\"ept-overlay\"><\/div>\n            <div class=\"ept-prop-cat__content\">\n                                <h3>Villas<\/h3>\n\n                \n                                <a class=\"btn ept-btn-secondary ept-prop-cat-btn\" href=\"https:\/\/www.inmobiliariaberlanga.com\/index.php\/villas\/\">Ver m\u00e1s<\/a>\n            <\/div>\n            <a class=\"ept-grid__more--absolute\" href=\"https:\/\/www.inmobiliariaberlanga.com\/index.php\/villas\/\"><\/a>\n        <\/div>\n                        <\/div>\n\n\t\t\t\t\n\t\t\t\t\n\t\t\t\n\t\t\t\t\n                <div class=\"col-md-6 ept-prop-cat__item\">\n\t\t\t\t\t        <div class=\"ept-prop-cat__item__inner\" style=\"background: url('https:\/\/www.inmobiliariaberlanga.com\/wp-content\/uploads\/2018\/12\/floors.jpg'); background-size: cover; background-repeat: no-repeat;\">\n            <div class=\"ept-overlay\"><\/div>\n            <div class=\"ept-prop-cat__content\">\n                                <h3>Edificios<\/h3>\n\n                \n                                <a class=\"btn ept-btn-secondary ept-prop-cat-btn\" href=\"https:\/\/www.inmobiliariaberlanga.com\/index.php\/es_type\/edificios\/\">Ver m\u00e1s<\/a>\n            <\/div>\n            <a class=\"ept-grid__more--absolute\" href=\"https:\/\/www.inmobiliariaberlanga.com\/index.php\/es_type\/edificios\/\"><\/a>\n        <\/div>\n                        <\/div>\n\n\t\t\t\t\n\t\t\t\t\n\t\t\t\n\t\t\t\t\n                <div class=\"col-md-6 ept-prop-cat__item\">\n\t\t\t\t\t        <div class=\"ept-prop-cat__item__inner\" style=\"background: url('https:\/\/www.inmobiliariaberlanga.com\/wp-content\/uploads\/2018\/12\/flats.jpg'); background-size: cover; background-repeat: no-repeat;\">\n            <div class=\"ept-overlay\"><\/div>\n            <div class=\"ept-prop-cat__content\">\n                                <h3>Adosadas<\/h3>\n\n                \n                                <a class=\"btn ept-btn-secondary ept-prop-cat-btn\" href=\"https:\/\/www.inmobiliariaberlanga.com\/index.php\/es_type\/adosadas\/\">Ver m\u00e1s<\/a>\n            <\/div>\n            <a class=\"ept-grid__more--absolute\" href=\"https:\/\/www.inmobiliariaberlanga.com\/index.php\/es_type\/adosadas\/\"><\/a>\n        <\/div>\n                        <\/div>\n\n\t\t\t\t                    <\/div>\n                    <\/div>\n\t\t\t\t\n\t\t\t\t\n\t\t\t\n\t\t\t\t                    <div class=\"col-md-6\">\n                    <div class=\"row\">\n\t\t\t\t\n                <div class=\"col-md-6 ept-prop-cat__item\">\n\t\t\t\t\t        <div class=\"ept-prop-cat__item__inner\" style=\"background: url('https:\/\/www.inmobiliariaberlanga.com\/wp-content\/uploads\/2019\/12\/DJI_0318-compressor.jpg'); background-size: cover; background-repeat: no-repeat;\">\n            <div class=\"ept-overlay\"><\/div>\n            <div class=\"ept-prop-cat__content\">\n                                <h3>Terrenos<\/h3>\n\n                \n                                <a class=\"btn ept-btn-secondary ept-prop-cat-btn\" href=\"https:\/\/www.inmobiliariaberlanga.com\/index.php\/terrenos\/\">Ver m\u00e1s<\/a>\n            <\/div>\n            <a class=\"ept-grid__more--absolute\" href=\"https:\/\/www.inmobiliariaberlanga.com\/index.php\/terrenos\/\"><\/a>\n        <\/div>\n                        <\/div>\n\n\t\t\t\t\n\t\t\t\t\n\t\t\t\n\t\t\t\t\n                <div class=\"col-md-6 ept-prop-cat__item\">\n\t\t\t\t\t        <div class=\"ept-prop-cat__item__inner\" style=\"background: url(''); background-size: cover; background-repeat: no-repeat;\">\n            <div class=\"ept-overlay\"><\/div>\n            <div class=\"ept-prop-cat__content\">\n                                <h3>Terrenos con Viviendas<\/h3>\n\n                \n                                <a class=\"btn ept-btn-secondary ept-prop-cat-btn\" href=\"https:\/\/www.inmobiliariaberlanga.com\/index.php\/terrenos-con-vivienda\/\">Ver m\u00e1s<\/a>\n            <\/div>\n            <a class=\"ept-grid__more--absolute\" href=\"https:\/\/www.inmobiliariaberlanga.com\/index.php\/terrenos-con-vivienda\/\"><\/a>\n        <\/div>\n                        <\/div>\n\n\t\t\t\t\n\t\t\t\t\n\t\t\t\n\t\t\t\t\n                <div class=\"col-md-12 ept-prop-cat__item\">\n\t\t\t\t\t        <div class=\"ept-prop-cat__item__inner\" style=\"background: url('https:\/\/www.inmobiliariaberlanga.com\/wp-content\/uploads\/2019\/10\/11-1.jpeg'); background-size: cover; background-repeat: no-repeat;\">\n            <div class=\"ept-overlay\"><\/div>\n            <div class=\"ept-prop-cat__content\">\n                                <h3>Chalets<\/h3>\n\n                \n                                <a class=\"btn ept-btn-secondary ept-prop-cat-btn\" href=\"https:\/\/www.inmobiliariaberlanga.com\/index.php\/es_type\/chalets\/\">Ver m\u00e1s<\/a>\n            <\/div>\n            <a class=\"ept-grid__more--absolute\" href=\"https:\/\/www.inmobiliariaberlanga.com\/index.php\/es_type\/chalets\/\"><\/a>\n        <\/div>\n                        <\/div>\n\n\t\t\t\t                    <\/div>\n                    <\/div>\n\t\t\t\t\n\t\t\t\t\n\t\t\t\n\t\t\t\n\t\t\n            <\/div>\n\n\t\t\t<\/div><\/div><\/div><\/div><\/div><\/div><\/div><\/div><div id=\"pg-423-2\"  class=\"panel-grid panel-has-style\" ><div class=\"panel-row-style panel-row-style-for-423-2\" ><div id=\"pgc-423-2-0\"  class=\"panel-grid-cell\" ><div id=\"panel-423-2-0-0\" class=\"so-panel widget widget_ept_property_slider_widget ept-property-slider-widget panel-first-child panel-last-child\" data-index=\"2\" ><h3 class=\"widget-title\">\u00daltimas Novedades<\/h3><\/div><\/div><\/div><\/div><div id=\"pg-423-3\"  class=\"panel-grid panel-has-style\" ><div class=\"siteorigin-panels-stretch panel-row-style panel-row-style-for-423-3\" data-stretch-type=\"full\" ><div id=\"pgc-423-3-0\"  class=\"panel-grid-cell\" ><div id=\"panel-423-3-0-0\" class=\"so-panel widget widget_ept-postloop panel-first-child panel-last-child\" data-index=\"3\" ><div class=\"panel-widget-style panel-widget-style-for-423-3-0-0\" ><h2 class='page-title'>\u00daltimas Noticias<\/h2><div class='container-fluid'>\n                <div class='row'><\/div>            <div class=\"row\">\n                <div class=\"container\">\n                    <div class=\"col-12 text-center\">\n                        <a style=\"margin-top: 20px;\" href=\"https:\/\/www.inmobiliariaberlanga.com\" class=\"btn ept-btn-primary\">Ver Blog<\/a>\n                    <\/div>\n                <\/div>\n            <\/div>\n        <\/div><\/div><\/div><\/div><\/div><\/div><\/div>","protected":false},"excerpt":{"rendered":"<p>Inmobiliaria Berlanga Expertos en terrenos para construcci\u00f3n y explotaci\u00f3n agricola. &#8212; Elija Tipo &#8211;AdosadasApartamentoscasaChaletsEdicioedificioEdificiosOficinaspisoTerrenosTerrenos con ViviendasVillaVillasViviendas &#8212; Elija Categor\u00eda &#8211;AdosadasChaletsEdificiosTerrenosTerrenos con ViviendaVillaVillas &#8212; Elija Electrodom\u00e9sticos &#8211;Aire AcondicionadodishwasherExtractorfridgeHornoironMicroondasmicrowaveNeveraovenTelefonilloTelevisiontvVitrocer\u00e1micawashing machinewifi Beds123456 Baths123456 &#8212; Elija Estado &#8211;Venta Mas opciones Nuestras mejores propiedades Villas Ver m\u00e1s Edificios Ver m\u00e1s Adosadas Ver m\u00e1s Terrenos Ver m\u00e1s Terrenos con Viviendas Ver [&hellip;]<\/p>\n","protected":false},"author":1,"featured_media":0,"parent":0,"menu_order":0,"comment_status":"closed","ping_status":"closed","template":"templates\/page-builder.php","meta":{"footnotes":""},"yoast_head":"<!-- This site is optimized with the Yoast SEO plugin v21.4 - https:\/\/yoast.com\/wordpress\/plugins\/seo\/ -->\n<title>Inicio - Inmobiliaria Berlanga<\/title>\n<meta name=\"robots\" content=\"index, follow, max-snippet:-1, max-image-preview:large, max-video-preview:-1\" \/>\n<link rel=\"canonical\" href=\"https:\/\/www.inmobiliariaberlanga.com\/\" \/>\n<meta property=\"og:locale\" content=\"es_ES\" \/>\n<meta property=\"og:type\" content=\"article\" \/>\n<meta property=\"og:title\" content=\"Inicio - Inmobiliaria Berlanga\" \/>\n<meta property=\"og:description\" content=\"Inmobiliaria Berlanga Expertos en terrenos para construcci\u00f3n y explotaci\u00f3n agricola. -- Elija Tipo --AdosadasApartamentoscasaChaletsEdicioedificioEdificiosOficinaspisoTerrenosTerrenos con ViviendasVillaVillasViviendas -- Elija Categor\u00eda --AdosadasChaletsEdificiosTerrenosTerrenos con ViviendaVillaVillas -- Elija Electrodom\u00e9sticos --Aire AcondicionadodishwasherExtractorfridgeHornoironMicroondasmicrowaveNeveraovenTelefonilloTelevisiontvVitrocer\u00e1micawashing machinewifi Beds123456 Baths123456 -- Elija Estado --Venta Mas opciones Nuestras mejores propiedades Villas Ver m\u00e1s Edificios Ver m\u00e1s Adosadas Ver m\u00e1s Terrenos Ver m\u00e1s Terrenos con Viviendas Ver [&hellip;]\" \/>\n<meta property=\"og:url\" content=\"https:\/\/www.inmobiliariaberlanga.com\/\" \/>\n<meta property=\"og:site_name\" content=\"Inmobiliaria Berlanga\" \/>\n<meta property=\"article:modified_time\" content=\"2020-01-09T13:59:23+00:00\" \/>\n<meta name=\"twitter:card\" content=\"summary_large_image\" \/>\n<script type=\"application\/ld+json\" class=\"yoast-schema-graph\">{\"@context\":\"https:\/\/schema.org\",\"@graph\":[{\"@type\":\"WebPage\",\"@id\":\"https:\/\/www.inmobiliariaberlanga.com\/\",\"url\":\"https:\/\/www.inmobiliariaberlanga.com\/\",\"name\":\"Inicio - Inmobiliaria Berlanga\",\"isPartOf\":{\"@id\":\"https:\/\/www.inmobiliariaberlanga.com\/#website\"},\"datePublished\":\"2018-12-11T14:25:29+00:00\",\"dateModified\":\"2020-01-09T13:59:23+00:00\",\"breadcrumb\":{\"@id\":\"https:\/\/www.inmobiliariaberlanga.com\/#breadcrumb\"},\"inLanguage\":\"es\",\"potentialAction\":[{\"@type\":\"ReadAction\",\"target\":[\"https:\/\/www.inmobiliariaberlanga.com\/\"]}]},{\"@type\":\"BreadcrumbList\",\"@id\":\"https:\/\/www.inmobiliariaberlanga.com\/#breadcrumb\",\"itemListElement\":[{\"@type\":\"ListItem\",\"position\":1,\"name\":\"Portada\",\"item\":\"https:\/\/www.inmobiliariaberlanga.com\/\"},{\"@type\":\"ListItem\",\"position\":2,\"name\":\"Inicio\"}]},{\"@type\":\"WebSite\",\"@id\":\"https:\/\/www.inmobiliariaberlanga.com\/#website\",\"url\":\"https:\/\/www.inmobiliariaberlanga.com\/\",\"name\":\"Inmobiliaria Berlanga\",\"description\":\"La felicidad nunca estuvo tan cerca\",\"publisher\":{\"@id\":\"https:\/\/www.inmobiliariaberlanga.com\/#organization\"},\"potentialAction\":[{\"@type\":\"SearchAction\",\"target\":{\"@type\":\"EntryPoint\",\"urlTemplate\":\"https:\/\/www.inmobiliariaberlanga.com\/?s={search_term_string}\"},\"query-input\":\"required name=search_term_string\"}],\"inLanguage\":\"es\"},{\"@type\":\"Organization\",\"@id\":\"https:\/\/www.inmobiliariaberlanga.com\/#organization\",\"name\":\"Inmobiliaria Berlanga\",\"url\":\"https:\/\/www.inmobiliariaberlanga.com\/\",\"logo\":{\"@type\":\"ImageObject\",\"inLanguage\":\"es\",\"@id\":\"https:\/\/www.inmobiliariaberlanga.com\/#\/schema\/logo\/image\/\",\"url\":\"http:\/\/www.inmobiliariaberlanga.com\/wp-content\/uploads\/2020\/03\/LOGO_INMOBILIARIA-BERLANGA.jpg\",\"contentUrl\":\"http:\/\/www.inmobiliariaberlanga.com\/wp-content\/uploads\/2020\/03\/LOGO_INMOBILIARIA-BERLANGA.jpg\",\"width\":1000,\"height\":1000,\"caption\":\"Inmobiliaria Berlanga\"},\"image\":{\"@id\":\"https:\/\/www.inmobiliariaberlanga.com\/#\/schema\/logo\/image\/\"},\"sameAs\":[\"https:\/\/www.instagram.com\/inmobiliaria_berlanga\/\",\"https:\/\/www.youtube.com\/watch?v=fExCz4aNm6M\"]}]}<\/script>\n<!-- \/ Yoast SEO plugin. -->","yoast_head_json":{"title":"Inicio - Inmobiliaria Berlanga","robots":{"index":"index","follow":"follow","max-snippet":"max-snippet:-1","max-image-preview":"max-image-preview:large","max-video-preview":"max-video-preview:-1"},"canonical":"https:\/\/www.inmobiliariaberlanga.com\/","og_locale":"es_ES","og_type":"article","og_title":"Inicio - Inmobiliaria Berlanga","og_description":"Inmobiliaria Berlanga Expertos en terrenos para construcci\u00f3n y explotaci\u00f3n agricola. -- Elija Tipo --AdosadasApartamentoscasaChaletsEdicioedificioEdificiosOficinaspisoTerrenosTerrenos con ViviendasVillaVillasViviendas -- Elija Categor\u00eda --AdosadasChaletsEdificiosTerrenosTerrenos con ViviendaVillaVillas -- Elija Electrodom\u00e9sticos --Aire AcondicionadodishwasherExtractorfridgeHornoironMicroondasmicrowaveNeveraovenTelefonilloTelevisiontvVitrocer\u00e1micawashing machinewifi Beds123456 Baths123456 -- Elija Estado --Venta Mas opciones Nuestras mejores propiedades Villas Ver m\u00e1s Edificios Ver m\u00e1s Adosadas Ver m\u00e1s Terrenos Ver m\u00e1s Terrenos con Viviendas Ver [&hellip;]","og_url":"https:\/\/www.inmobiliariaberlanga.com\/","og_site_name":"Inmobiliaria Berlanga","article_modified_time":"2020-01-09T13:59:23+00:00","twitter_card":"summary_large_image","schema":{"@context":"https:\/\/schema.org","@graph":[{"@type":"WebPage","@id":"https:\/\/www.inmobiliariaberlanga.com\/","url":"https:\/\/www.inmobiliariaberlanga.com\/","name":"Inicio - Inmobiliaria Berlanga","isPartOf":{"@id":"https:\/\/www.inmobiliariaberlanga.com\/#website"},"datePublished":"2018-12-11T14:25:29+00:00","dateModified":"2020-01-09T13:59:23+00:00","breadcrumb":{"@id":"https:\/\/www.inmobiliariaberlanga.com\/#breadcrumb"},"inLanguage":"es","potentialAction":[{"@type":"ReadAction","target":["https:\/\/www.inmobiliariaberlanga.com\/"]}]},{"@type":"BreadcrumbList","@id":"https:\/\/www.inmobiliariaberlanga.com\/#breadcrumb","itemListElement":[{"@type":"ListItem","position":1,"name":"Portada","item":"https:\/\/www.inmobiliariaberlanga.com\/"},{"@type":"ListItem","position":2,"name":"Inicio"}]},{"@type":"WebSite","@id":"https:\/\/www.inmobiliariaberlanga.com\/#website","url":"https:\/\/www.inmobiliariaberlanga.com\/","name":"Inmobiliaria Berlanga","description":"La felicidad nunca estuvo tan cerca","publisher":{"@id":"https:\/\/www.inmobiliariaberlanga.com\/#organization"},"potentialAction":[{"@type":"SearchAction","target":{"@type":"EntryPoint","urlTemplate":"https:\/\/www.inmobiliariaberlanga.com\/?s={search_term_string}"},"query-input":"required name=search_term_string"}],"inLanguage":"es"},{"@type":"Organization","@id":"https:\/\/www.inmobiliariaberlanga.com\/#organization","name":"Inmobiliaria Berlanga","url":"https:\/\/www.inmobiliariaberlanga.com\/","logo":{"@type":"ImageObject","inLanguage":"es","@id":"https:\/\/www.inmobiliariaberlanga.com\/#\/schema\/logo\/image\/","url":"http:\/\/www.inmobiliariaberlanga.com\/wp-content\/uploads\/2020\/03\/LOGO_INMOBILIARIA-BERLANGA.jpg","contentUrl":"http:\/\/www.inmobiliariaberlanga.com\/wp-content\/uploads\/2020\/03\/LOGO_INMOBILIARIA-BERLANGA.jpg","width":1000,"height":1000,"caption":"Inmobiliaria Berlanga"},"image":{"@id":"https:\/\/www.inmobiliariaberlanga.com\/#\/schema\/logo\/image\/"},"sameAs":["https:\/\/www.instagram.com\/inmobiliaria_berlanga\/","https:\/\/www.youtube.com\/watch?v=fExCz4aNm6M"]}]}},"_links":{"self":[{"href":"https:\/\/www.inmobiliariaberlanga.com\/index.php\/wp-json\/wp\/v2\/pages\/423"}],"collection":[{"href":"https:\/\/www.inmobiliariaberlanga.com\/index.php\/wp-json\/wp\/v2\/pages"}],"about":[{"href":"https:\/\/www.inmobiliariaberlanga.com\/index.php\/wp-json\/wp\/v2\/types\/page"}],"author":[{"embeddable":true,"href":"https:\/\/www.inmobiliariaberlanga.com\/index.php\/wp-json\/wp\/v2\/users\/1"}],"replies":[{"embeddable":true,"href":"https:\/\/www.inmobiliariaberlanga.com\/index.php\/wp-json\/wp\/v2\/comments?post=423"}],"version-history":[{"count":54,"href":"https:\/\/www.inmobiliariaberlanga.com\/index.php\/wp-json\/wp\/v2\/pages\/423\/revisions"}],"predecessor-version":[{"id":838,"href":"https:\/\/www.inmobiliariaberlanga.com\/index.php\/wp-json\/wp\/v2\/pages\/423\/revisions\/838"}],"wp:attachment":[{"href":"https:\/\/www.inmobiliariaberlanga.com\/index.php\/wp-json\/wp\/v2\/media?parent=423"}],"curies":[{"name":"wp","href":"https:\/\/api.w.org\/{rel}","templated":true}]}}