{"id":202,"date":"2019-12-19T00:00:25","date_gmt":"2019-12-19T00:00:25","guid":{"rendered":"http:\/\/portal.estatik.net\/?page_id=202"},"modified":"2019-12-23T14:50:13","modified_gmt":"2019-12-23T14:50:13","slug":"propiedades","status":"publish","type":"page","link":"http:\/\/www.inmobiliariaberlanga.com\/index.php\/propiedades\/","title":{"rendered":"Propiedades"},"content":{"rendered":"<div id=\"pl-202\"  class=\"panel-layout\" ><div id=\"pg-202-0\"  class=\"panel-grid panel-has-style\" ><div class=\"panel-row-style panel-row-style-for-202-0\" ><div id=\"pgc-202-0-0\"  class=\"panel-grid-cell\" ><div id=\"panel-202-0-0-0\" class=\"so-panel widget widget_sow-editor panel-first-child panel-last-child\" data-index=\"0\" ><div\n\t\t\t\n\t\t\tclass=\"so-widget-sow-editor so-widget-sow-editor-base\"\n\t\t\t\n\t\t>\n<div class=\"siteorigin-widget-tinymce textwidget\">\n\t\n<div class=\"row\">\n\t<div class=\"col-12\">\n\n        <div class=\"ept-property-sortbar btn-toolbar justify-content-between\" role=\"toolbar\">\n            \n            <div class=\"sort-btn-group\">\n                                                            <div class=\"btn-group\">\n                            <div class=\"dropdown\">\n                                <button id=\"sortByDrop\" type=\"button\" class=\"btn btn-secondary dropdown-toggle\" data-toggle=\"dropdown\" aria-haspopup=\"true\" aria-expanded=\"false\">\n                                    Ordenar por                                <\/button>\n                                <div class=\"dropdown-menu\" aria-labelledby=\"sortByDrop\">\n                                                                            <a class=\"dropdown-item \" href=\"\/index.php\/wp-json\/wp\/v2\/pages\/202?view_sort=recent\">M\u00e1s reciente<\/a>\n                                                                            <a class=\"dropdown-item \" href=\"\/index.php\/wp-json\/wp\/v2\/pages\/202?view_sort=highest_price\">Precio m\u00e1s alto<\/a>\n                                                                            <a class=\"dropdown-item \" href=\"\/index.php\/wp-json\/wp\/v2\/pages\/202?view_sort=lowest_price\">Precio m\u00e1s bajo<\/a>\n                                                                            <a class=\"dropdown-item \" href=\"\/index.php\/wp-json\/wp\/v2\/pages\/202?view_sort=most_popular\">M\u00e1s popular<\/a>\n                                                                    <\/div>\n                            <\/div>\n                        <\/div>\n                                    \t            \t\t                                    <div class=\"btn-group\">\n                            <div class=\"dropdown\">\n                                <button id=\"perPageDrop\" type=\"button\" class=\"btn btn-secondary dropdown-toggle\" data-toggle=\"dropdown\" aria-haspopup=\"true\" aria-expanded=\"false\">\n                                    Por p\u00e1gina                                <\/button>\n                                <div class=\"dropdown-menu\" aria-labelledby=\"perPageDrop\">\n                                                                            <a class=\"dropdown-item \" href=\"\/index.php\/wp-json\/wp\/v2\/pages\/202?per_page=2\">2<\/a>\n                                                                            <a class=\"dropdown-item \" href=\"\/index.php\/wp-json\/wp\/v2\/pages\/202?per_page=12\">12<\/a>\n                                                                            <a class=\"dropdown-item \" href=\"\/index.php\/wp-json\/wp\/v2\/pages\/202?per_page=15\">15<\/a>\n                                                                    <\/div>\n                            <\/div>\n                        <\/div>\n\t\t            \t                            <div class=\"btn-group\" role=\"group\" aria-label=\"First group\">\n                    <a href=\"\/index.php\/wp-json\/wp\/v2\/pages\/202?layout=v2\" class=\"btn btn-secondary active\">\n                        <i class=\"fa fa-list\"><\/i>\n                    <\/a>\n                    <a href=\"\/index.php\/wp-json\/wp\/v2\/pages\/202?layout=v1\" class=\"btn btn-secondary \">\n                        <i class=\"fa fa-table\"><\/i>\n                    <\/a>\n                <\/div>\n            <\/div>\n\n        <\/div>\n\n\t<\/div>\n<\/div>\n\n<div class=\"row ept-properties__layout ept-properties__layout--v2\">\n    \t\t<h3 class=\"no-posts-found col-md-12\">No hay publicaciones para mostrar.<\/h3>\n\t\t<\/div>\n\n\n<\/div>\n<\/div><\/div><\/div><div id=\"pgc-202-0-1\"  class=\"panel-grid-cell\" ><div id=\"panel-202-0-1-0\" class=\"so-panel widget widget_es_search_widget es-widget panel-first-child panel-last-child\" data-index=\"1\" ><div class=\"panel-widget-style panel-widget-style-for-202-0-1-0\" >\n\t<div class=\"es-search__wrapper es-search__wrapper--vertical \">\n\n\t\t\t\t\t<h3 class=\"widget-title\">Buscar:<\/h3>\t\t\n\t\t<form action=\"http:\/\/www.inmobiliariaberlanga.com\/\" role=\"search\" method=\"get\">\n\n\t\t\t\n\t\t\t\t\t\t\t<input type=\"hidden\" name=\"s\"\/>\n\t\t\t\n\t\t\t\t\t\t\t\t\t\t\t\t\t\t\t\t\t\t<div class=\"es-search__field es-search__field--address\">\n\t\t\t\t\t\t\t<div class=\"es-field__label\">\n            <label for=\"es-search-address-input\">\n            Direcci\u00f3n\n            <\/label><\/div><div class=\"es-field__wrap \"><div class=\"es-autocomplete-wrap js-autocomplete-wrap\"><input type=\"text\" name=\"es_search[address]\"  placeholder=\"Direcci\u00f3n, ciudad, c\u00f3digo postal\" id=\"es-search-address-input\" value=\"\"  data-action=\"es_address_autocomplete\"\/><div class=\"es-autocomplete-result\"><\/div><\/div><\/div>\t\t\t\t\t\t<\/div>\n\t\t\t\t\t\t\t\t\t\t\t\t\t\t\t\t\t\t\t\t<div class=\"es-search__field es-search__field--price\">\n\t\t\t\t\t\t\t<div class=\"es-field__label\">\n            <label for=\"\">\n            Precio\n            <\/label><\/div><div class=\"es-field__wrap \"><div class=\"es-field__range\"><input type=\"text\" placeholder=\"min\" name=\"es_search[price][min]\"  step=\"any\" id=\"\"  value=\"\"\/><input type=\"text\" placeholder=\"max\" name=\"es_search[price][max]\"  step=\"any\" id=\"\"  value=\"\"\/><\/div><\/div>\t\t\t\t\t\t<\/div>\n\t\t\t\t\t\t\t\t\t\t\t\t\t\t\t\t\t\t\t\t<div class=\"es-search__field es-search__field--bedrooms\">\n\t\t\t\t\t\t\t<div class=\"es-field__label\">\n            <label for=\"\">\n            Dormitorios\n            <\/label><\/div><div class=\"es-field__wrap \"><div class=\"es-field__range\"><input type=\"text\" placeholder=\"min\" name=\"es_search[bedrooms][min]\"  id=\"\"  value=\"\"\/><input type=\"text\" placeholder=\"max\" name=\"es_search[bedrooms][max]\"  id=\"\"  value=\"\"\/><\/div><\/div>\t\t\t\t\t\t<\/div>\n\t\t\t\t\t\t\t\t\t\t\t\t\t\t\t\t\t\t\t\t<div class=\"es-search__field es-search__field--bathrooms\">\n\t\t\t\t\t\t\t<div class=\"es-field__label\">\n            <label for=\"\">\n            Ba\u00f1os\n            <\/label><\/div><div class=\"es-field__wrap \"><div class=\"es-field__range\"><input type=\"text\" placeholder=\"min\" name=\"es_search[bathrooms][min]\"  step=\"0.5\" id=\"\"  value=\"\"\/><input type=\"text\" placeholder=\"max\" name=\"es_search[bathrooms][max]\"  step=\"0.5\" id=\"\"  value=\"\"\/><\/div><\/div>\t\t\t\t\t\t<\/div>\n\t\t\t\t\t\t\t\t\t\t\t\t\t\t\t\t\t\t\t\t<div class=\"es-search__field es-search__field--floors\">\n\t\t\t\t\t\t\t<div class=\"es-field__label\">\n            <label for=\"\">\n            Pisos\n            <\/label><\/div><div class=\"es-field__wrap \"><div class=\"es-field__range\"><input type=\"text\" placeholder=\"min\" name=\"es_search[floors][min]\"  id=\"\"  value=\"\"\/><input type=\"text\" placeholder=\"max\" name=\"es_search[floors][max]\"  id=\"\"  value=\"\"\/><\/div><\/div>\t\t\t\t\t\t<\/div>\n\t\t\t\t\t\t\t\t\t\t\t\t\t\t\t\t\t\t\t\t\t\n\t\t\t\t\t\t\t<input type=\"hidden\" name=\"post_type\" value=\"properties\"\/>\n\t\t\t\n\t\t\t<div class=\"es-search__buttons\">\n\t\t\t\t<div class=\"es-button__wrap\">\n\t\t\t\t\t<input type=\"submit\" class=\"btn ept-btn-primary\" value=\"Buscar \"\/>\n\t\t\t\t<\/div>\n\t\t\t\t<div class=\"es-button__wrap\">\n\t\t\t\t\t<input type=\"reset\" class=\"btn ept-btn-reset\" value=\"Recomponer\"\/>\n\t\t\t\t<\/div>\n\t\t\t\t\t\t\t\t\t<div class=\"es-button__wrap\">\n\t\t\t\t\t\t\t\t\t\t\t\t\t<input type=\"button\" class=\"btn ept-btn-corner js-es-login-form\" value=\"Guardar b\u00fasqueda\"\/>\n\t\t\t\t\t\t\t\t\t\t\t<\/div>\n\t\t\t\t\t\t\t<\/div>\n\n\t\t\t<div class=\"es-search__messages js-es-search__messages\"><\/div>\n\n\t\t\t\n\t\t<\/form>\n\n\t<\/div>\n<\/div><\/div><\/div><\/div><\/div><\/div>","protected":false},"excerpt":{"rendered":"<p>Ordenar por M\u00e1s reciente Precio m\u00e1s alto Precio m\u00e1s bajo M\u00e1s popular Por p\u00e1gina 2 12 15 No hay publicaciones para mostrar. Buscar: Direcci\u00f3n Precio Dormitorios Ba\u00f1os Pisos<\/p>\n","protected":false},"author":1,"featured_media":0,"parent":0,"menu_order":0,"comment_status":"closed","ping_status":"closed","template":"templates\/page-builder.php","meta":{"footnotes":""},"yoast_head":"<!-- This site is optimized with the Yoast SEO plugin v21.4 - https:\/\/yoast.com\/wordpress\/plugins\/seo\/ -->\n<title>Propiedades - Inmobiliaria Berlanga<\/title>\n<meta name=\"robots\" content=\"index, follow, max-snippet:-1, max-image-preview:large, max-video-preview:-1\" \/>\n<link rel=\"canonical\" href=\"http:\/\/www.inmobiliariaberlanga.com\/index.php\/propiedades\/\" \/>\n<meta property=\"og:locale\" content=\"es_ES\" \/>\n<meta property=\"og:type\" content=\"article\" \/>\n<meta property=\"og:title\" content=\"Propiedades - Inmobiliaria Berlanga\" \/>\n<meta property=\"og:description\" content=\"Ordenar por M\u00e1s reciente Precio m\u00e1s alto Precio m\u00e1s bajo M\u00e1s popular Por p\u00e1gina 2 12 15 No hay publicaciones para mostrar. Buscar: Direcci\u00f3n Precio Dormitorios Ba\u00f1os Pisos\" \/>\n<meta property=\"og:url\" content=\"http:\/\/www.inmobiliariaberlanga.com\/index.php\/propiedades\/\" \/>\n<meta property=\"og:site_name\" content=\"Inmobiliaria Berlanga\" \/>\n<meta property=\"article:modified_time\" content=\"2019-12-23T14:50:13+00:00\" \/>\n<meta name=\"twitter:card\" content=\"summary_large_image\" \/>\n<script type=\"application\/ld+json\" class=\"yoast-schema-graph\">{\"@context\":\"https:\/\/schema.org\",\"@graph\":[{\"@type\":\"WebPage\",\"@id\":\"http:\/\/www.inmobiliariaberlanga.com\/index.php\/propiedades\/\",\"url\":\"http:\/\/www.inmobiliariaberlanga.com\/index.php\/propiedades\/\",\"name\":\"Propiedades - Inmobiliaria Berlanga\",\"isPartOf\":{\"@id\":\"https:\/\/www.inmobiliariaberlanga.com\/#website\"},\"datePublished\":\"2019-12-19T00:00:25+00:00\",\"dateModified\":\"2019-12-23T14:50:13+00:00\",\"breadcrumb\":{\"@id\":\"http:\/\/www.inmobiliariaberlanga.com\/index.php\/propiedades\/#breadcrumb\"},\"inLanguage\":\"es\",\"potentialAction\":[{\"@type\":\"ReadAction\",\"target\":[\"http:\/\/www.inmobiliariaberlanga.com\/index.php\/propiedades\/\"]}]},{\"@type\":\"BreadcrumbList\",\"@id\":\"http:\/\/www.inmobiliariaberlanga.com\/index.php\/propiedades\/#breadcrumb\",\"itemListElement\":[{\"@type\":\"ListItem\",\"position\":1,\"name\":\"Portada\",\"item\":\"https:\/\/www.inmobiliariaberlanga.com\/\"},{\"@type\":\"ListItem\",\"position\":2,\"name\":\"Propiedades\"}]},{\"@type\":\"WebSite\",\"@id\":\"https:\/\/www.inmobiliariaberlanga.com\/#website\",\"url\":\"https:\/\/www.inmobiliariaberlanga.com\/\",\"name\":\"Inmobiliaria Berlanga\",\"description\":\"La felicidad nunca estuvo tan cerca\",\"publisher\":{\"@id\":\"https:\/\/www.inmobiliariaberlanga.com\/#organization\"},\"potentialAction\":[{\"@type\":\"SearchAction\",\"target\":{\"@type\":\"EntryPoint\",\"urlTemplate\":\"https:\/\/www.inmobiliariaberlanga.com\/?s={search_term_string}\"},\"query-input\":\"required name=search_term_string\"}],\"inLanguage\":\"es\"},{\"@type\":\"Organization\",\"@id\":\"https:\/\/www.inmobiliariaberlanga.com\/#organization\",\"name\":\"Inmobiliaria Berlanga\",\"url\":\"https:\/\/www.inmobiliariaberlanga.com\/\",\"logo\":{\"@type\":\"ImageObject\",\"inLanguage\":\"es\",\"@id\":\"https:\/\/www.inmobiliariaberlanga.com\/#\/schema\/logo\/image\/\",\"url\":\"http:\/\/www.inmobiliariaberlanga.com\/wp-content\/uploads\/2020\/03\/LOGO_INMOBILIARIA-BERLANGA.jpg\",\"contentUrl\":\"http:\/\/www.inmobiliariaberlanga.com\/wp-content\/uploads\/2020\/03\/LOGO_INMOBILIARIA-BERLANGA.jpg\",\"width\":1000,\"height\":1000,\"caption\":\"Inmobiliaria Berlanga\"},\"image\":{\"@id\":\"https:\/\/www.inmobiliariaberlanga.com\/#\/schema\/logo\/image\/\"},\"sameAs\":[\"https:\/\/www.instagram.com\/inmobiliaria_berlanga\/\",\"https:\/\/www.youtube.com\/watch?v=fExCz4aNm6M\"]}]}<\/script>\n<!-- \/ Yoast SEO plugin. -->","yoast_head_json":{"title":"Propiedades - Inmobiliaria Berlanga","robots":{"index":"index","follow":"follow","max-snippet":"max-snippet:-1","max-image-preview":"max-image-preview:large","max-video-preview":"max-video-preview:-1"},"canonical":"http:\/\/www.inmobiliariaberlanga.com\/index.php\/propiedades\/","og_locale":"es_ES","og_type":"article","og_title":"Propiedades - Inmobiliaria Berlanga","og_description":"Ordenar por M\u00e1s reciente Precio m\u00e1s alto Precio m\u00e1s bajo M\u00e1s popular Por p\u00e1gina 2 12 15 No hay publicaciones para mostrar. Buscar: Direcci\u00f3n Precio Dormitorios Ba\u00f1os Pisos","og_url":"http:\/\/www.inmobiliariaberlanga.com\/index.php\/propiedades\/","og_site_name":"Inmobiliaria Berlanga","article_modified_time":"2019-12-23T14:50:13+00:00","twitter_card":"summary_large_image","schema":{"@context":"https:\/\/schema.org","@graph":[{"@type":"WebPage","@id":"http:\/\/www.inmobiliariaberlanga.com\/index.php\/propiedades\/","url":"http:\/\/www.inmobiliariaberlanga.com\/index.php\/propiedades\/","name":"Propiedades - Inmobiliaria Berlanga","isPartOf":{"@id":"https:\/\/www.inmobiliariaberlanga.com\/#website"},"datePublished":"2019-12-19T00:00:25+00:00","dateModified":"2019-12-23T14:50:13+00:00","breadcrumb":{"@id":"http:\/\/www.inmobiliariaberlanga.com\/index.php\/propiedades\/#breadcrumb"},"inLanguage":"es","potentialAction":[{"@type":"ReadAction","target":["http:\/\/www.inmobiliariaberlanga.com\/index.php\/propiedades\/"]}]},{"@type":"BreadcrumbList","@id":"http:\/\/www.inmobiliariaberlanga.com\/index.php\/propiedades\/#breadcrumb","itemListElement":[{"@type":"ListItem","position":1,"name":"Portada","item":"https:\/\/www.inmobiliariaberlanga.com\/"},{"@type":"ListItem","position":2,"name":"Propiedades"}]},{"@type":"WebSite","@id":"https:\/\/www.inmobiliariaberlanga.com\/#website","url":"https:\/\/www.inmobiliariaberlanga.com\/","name":"Inmobiliaria Berlanga","description":"La felicidad nunca estuvo tan cerca","publisher":{"@id":"https:\/\/www.inmobiliariaberlanga.com\/#organization"},"potentialAction":[{"@type":"SearchAction","target":{"@type":"EntryPoint","urlTemplate":"https:\/\/www.inmobiliariaberlanga.com\/?s={search_term_string}"},"query-input":"required name=search_term_string"}],"inLanguage":"es"},{"@type":"Organization","@id":"https:\/\/www.inmobiliariaberlanga.com\/#organization","name":"Inmobiliaria Berlanga","url":"https:\/\/www.inmobiliariaberlanga.com\/","logo":{"@type":"ImageObject","inLanguage":"es","@id":"https:\/\/www.inmobiliariaberlanga.com\/#\/schema\/logo\/image\/","url":"http:\/\/www.inmobiliariaberlanga.com\/wp-content\/uploads\/2020\/03\/LOGO_INMOBILIARIA-BERLANGA.jpg","contentUrl":"http:\/\/www.inmobiliariaberlanga.com\/wp-content\/uploads\/2020\/03\/LOGO_INMOBILIARIA-BERLANGA.jpg","width":1000,"height":1000,"caption":"Inmobiliaria Berlanga"},"image":{"@id":"https:\/\/www.inmobiliariaberlanga.com\/#\/schema\/logo\/image\/"},"sameAs":["https:\/\/www.instagram.com\/inmobiliaria_berlanga\/","https:\/\/www.youtube.com\/watch?v=fExCz4aNm6M"]}]}},"_links":{"self":[{"href":"http:\/\/www.inmobiliariaberlanga.com\/index.php\/wp-json\/wp\/v2\/pages\/202"}],"collection":[{"href":"http:\/\/www.inmobiliariaberlanga.com\/index.php\/wp-json\/wp\/v2\/pages"}],"about":[{"href":"http:\/\/www.inmobiliariaberlanga.com\/index.php\/wp-json\/wp\/v2\/types\/page"}],"author":[{"embeddable":true,"href":"http:\/\/www.inmobiliariaberlanga.com\/index.php\/wp-json\/wp\/v2\/users\/1"}],"replies":[{"embeddable":true,"href":"http:\/\/www.inmobiliariaberlanga.com\/index.php\/wp-json\/wp\/v2\/comments?post=202"}],"version-history":[{"count":27,"href":"http:\/\/www.inmobiliariaberlanga.com\/index.php\/wp-json\/wp\/v2\/pages\/202\/revisions"}],"predecessor-version":[{"id":682,"href":"http:\/\/www.inmobiliariaberlanga.com\/index.php\/wp-json\/wp\/v2\/pages\/202\/revisions\/682"}],"wp:attachment":[{"href":"http:\/\/www.inmobiliariaberlanga.com\/index.php\/wp-json\/wp\/v2\/media?parent=202"}],"curies":[{"name":"wp","href":"https:\/\/api.w.org\/{rel}","templated":true}]}}